{"id":6422,"date":"2024-03-04T17:45:06","date_gmt":"2024-03-04T16:45:06","guid":{"rendered":"https:\/\/pspi.webmaster-satigny.ch\/application\/"},"modified":"2024-04-12T15:46:29","modified_gmt":"2024-04-12T13:46:29","slug":"application","status":"publish","type":"page","link":"https:\/\/www.pspi.ch\/en\/application\/","title":{"rendered":"Application"},"content":{"rendered":"\t\t<div data-elementor-type=\"wp-page\" data-elementor-id=\"6422\" class=\"elementor elementor-6422 elementor-5027\" data-elementor-post-type=\"page\">\n\t\t\t\t<div class=\"elementor-element elementor-element-01d2ac6 e-flex e-con-boxed e-con e-parent\" data-id=\"01d2ac6\" data-element_type=\"container\" data-settings=\"{&quot;_ha_eqh_enable&quot;:false}\">\n\t\t\t\t\t<div class=\"e-con-inner\">\n\t\t\t\t<div class=\"elementor-element elementor-element-593d499 elementor-widget elementor-widget-jet-carousel\" data-id=\"593d499\" data-element_type=\"widget\" data-settings=\"{&quot;slides_to_show&quot;:&quot;1&quot;,&quot;slides_to_scroll&quot;:&quot;1&quot;}\" data-widget_type=\"jet-carousel.default\">\n\t\t\t\t<div class=\"elementor-widget-container\">\n\t\t\t<div class=\"elementor-jet-carousel jet-elements\"><div class=\"jet-carousel-wrap\">\n\t<div class=\"jet-carousel\" data-slider_options=\"{&quot;autoplaySpeed&quot;:5000,&quot;autoplay&quot;:true,&quot;infinite&quot;:true,&quot;centerMode&quot;:false,&quot;centerPadding&quot;:&quot;50px&quot;,&quot;pauseOnHover&quot;:false,&quot;speed&quot;:500,&quot;arrows&quot;:true,&quot;dots&quot;:true,&quot;variableWidth&quot;:false,&quot;prevArrow&quot;:&quot;.jet-carousel__prev-arrow-593d499&quot;,&quot;nextArrow&quot;:&quot;.jet-carousel__next-arrow-593d499&quot;,&quot;rtl&quot;:false,&quot;fractionNav&quot;:false,&quot;fade&quot;:false}\" dir=\"ltr\">\n\t<div class=\"elementor-slick-slider\">\n\n<div class=\"jet-carousel__item\">\n\t<div class=\"jet-carousel__item-inner\"><div class=\"jet-carousel__content\">\t\t<div data-elementor-type=\"section\" data-elementor-id=\"6533\" class=\"elementor elementor-6533 elementor-5691 elementor-5691\" data-elementor-post-type=\"elementor_library\">\n\t\t\t<div class=\"elementor-element elementor-element-b2583ac e-flex e-con-boxed e-con e-parent\" data-id=\"b2583ac\" data-element_type=\"container\" data-settings=\"{&quot;_ha_eqh_enable&quot;:false}\">\n\t\t\t\t\t<div class=\"e-con-inner\">\n\t\t<div class=\"elementor-element elementor-element-b2e87a0 e-con-full e-flex e-con e-child\" data-id=\"b2e87a0\" data-element_type=\"container\" data-settings=\"{&quot;_ha_eqh_enable&quot;:false}\">\n\t\t\t\t<div class=\"elementor-element elementor-element-b6c13d8 elementor-widget elementor-widget-image\" data-id=\"b6c13d8\" data-element_type=\"widget\" data-widget_type=\"image.default\">\n\t\t\t\t<div class=\"elementor-widget-container\">\n\t\t\t\t\t\t\t\t\t\t\t\t\t<img fetchpriority=\"high\" decoding=\"async\" width=\"300\" height=\"619\" src=\"https:\/\/www.pspi.ch\/wp-content\/uploads\/2024\/03\/Cartographiez-vos-actifs.png\" class=\"attachment-full size-full wp-image-6518\" alt=\"\" srcset=\"https:\/\/www.pspi.ch\/wp-content\/uploads\/2024\/03\/Cartographiez-vos-actifs.png 300w, https:\/\/www.pspi.ch\/wp-content\/uploads\/2024\/03\/Cartographiez-vos-actifs-145x300.png 145w\" sizes=\"(max-width: 300px) 100vw, 300px\" \/>\t\t\t\t\t\t\t\t\t\t\t\t\t<\/div>\n\t\t\t\t<\/div>\n\t\t\t\t<\/div>\n\t\t<div class=\"elementor-element elementor-element-cbdeccf e-con-full e-flex e-con e-child\" data-id=\"cbdeccf\" data-element_type=\"container\" data-settings=\"{&quot;_ha_eqh_enable&quot;:false}\">\n\t\t\t\t<div class=\"elementor-element elementor-element-c6b9949 elementor-widget elementor-widget-text-editor\" data-id=\"c6b9949\" data-element_type=\"widget\" data-widget_type=\"text-editor.default\">\n\t\t\t\t<div class=\"elementor-widget-container\">\n\t\t\t\t\t\t\t<p><span style=\"color: #cf9616;\">Geolocate<\/span> and map all your assets with the PSPI <span style=\"color: #cf9616;\">application<\/span><\/p>\t\t\t\t\t\t<\/div>\n\t\t\t\t<\/div>\n\t\t\t\t<\/div>\n\t\t\t\t\t<\/div>\n\t\t\t\t<\/div>\n\t\t\t\t<\/div>\n\t\t<\/div><\/div>\n<\/div>\n\n<div class=\"jet-carousel__item\">\n\t<div class=\"jet-carousel__item-inner\"><div class=\"jet-carousel__content\">\t\t<div data-elementor-type=\"section\" data-elementor-id=\"6536\" class=\"elementor elementor-6536 elementor-5884 elementor-5884\" data-elementor-post-type=\"elementor_library\">\n\t\t\t<div class=\"elementor-element elementor-element-b2583ac e-flex e-con-boxed e-con e-parent\" data-id=\"b2583ac\" data-element_type=\"container\" data-settings=\"{&quot;_ha_eqh_enable&quot;:false}\">\n\t\t\t\t\t<div class=\"e-con-inner\">\n\t\t<div class=\"elementor-element elementor-element-b2e87a0 e-con-full e-flex e-con e-child\" data-id=\"b2e87a0\" data-element_type=\"container\" data-settings=\"{&quot;_ha_eqh_enable&quot;:false}\">\n\t\t\t\t<div class=\"elementor-element elementor-element-b6c13d8 elementor-widget elementor-widget-image\" data-id=\"b6c13d8\" data-element_type=\"widget\" data-widget_type=\"image.default\">\n\t\t\t\t<div class=\"elementor-widget-container\">\n\t\t\t\t\t\t\t\t\t\t\t\t\t<img decoding=\"async\" width=\"300\" height=\"619\" src=\"https:\/\/www.pspi.ch\/wp-content\/uploads\/2024\/03\/Visualisez-vos-collections.png\" class=\"attachment-full size-full wp-image-6512\" alt=\"\" srcset=\"https:\/\/www.pspi.ch\/wp-content\/uploads\/2024\/03\/Visualisez-vos-collections.png 300w, https:\/\/www.pspi.ch\/wp-content\/uploads\/2024\/03\/Visualisez-vos-collections-145x300.png 145w\" sizes=\"(max-width: 300px) 100vw, 300px\" \/>\t\t\t\t\t\t\t\t\t\t\t\t\t<\/div>\n\t\t\t\t<\/div>\n\t\t\t\t<\/div>\n\t\t<div class=\"elementor-element elementor-element-cbdeccf e-con-full e-flex e-con e-child\" data-id=\"cbdeccf\" data-element_type=\"container\" data-settings=\"{&quot;_ha_eqh_enable&quot;:false}\">\n\t\t\t\t<div class=\"elementor-element elementor-element-c6b9949 elementor-widget elementor-widget-text-editor\" data-id=\"c6b9949\" data-element_type=\"widget\" data-widget_type=\"text-editor.default\">\n\t\t\t\t<div class=\"elementor-widget-container\">\n\t\t\t\t\t\t\t<p><span style=\"color: #cf9616;\">Visualise<\/span> your collections<br \/>and insure them<\/p>\t\t\t\t\t\t<\/div>\n\t\t\t\t<\/div>\n\t\t\t\t<\/div>\n\t\t\t\t\t<\/div>\n\t\t\t\t<\/div>\n\t\t\t\t<\/div>\n\t\t<\/div><\/div>\n<\/div>\n\n<div class=\"jet-carousel__item\">\n\t<div class=\"jet-carousel__item-inner\"><div class=\"jet-carousel__content\">\t\t<div data-elementor-type=\"section\" data-elementor-id=\"6539\" class=\"elementor elementor-6539 elementor-5889 elementor-5889\" data-elementor-post-type=\"elementor_library\">\n\t\t\t<div class=\"elementor-element elementor-element-b2583ac e-flex e-con-boxed e-con e-parent\" data-id=\"b2583ac\" data-element_type=\"container\" data-settings=\"{&quot;_ha_eqh_enable&quot;:false}\">\n\t\t\t\t\t<div class=\"e-con-inner\">\n\t\t<div class=\"elementor-element elementor-element-b2e87a0 e-con-full e-flex e-con e-child\" data-id=\"b2e87a0\" data-element_type=\"container\" data-settings=\"{&quot;_ha_eqh_enable&quot;:false}\">\n\t\t\t\t<div class=\"elementor-element elementor-element-b6c13d8 elementor-widget elementor-widget-image\" data-id=\"b6c13d8\" data-element_type=\"widget\" data-widget_type=\"image.default\">\n\t\t\t\t<div class=\"elementor-widget-container\">\n\t\t\t\t\t\t\t\t\t\t\t\t\t<img decoding=\"async\" width=\"300\" height=\"619\" src=\"https:\/\/www.pspi.ch\/wp-content\/uploads\/2024\/03\/Visualisez-la-repartition-et-l-historique-de-la-valeur-de-vos-actifs.png\" class=\"attachment-full size-full wp-image-6515\" alt=\"\" srcset=\"https:\/\/www.pspi.ch\/wp-content\/uploads\/2024\/03\/Visualisez-la-repartition-et-l-historique-de-la-valeur-de-vos-actifs.png 300w, https:\/\/www.pspi.ch\/wp-content\/uploads\/2024\/03\/Visualisez-la-repartition-et-l-historique-de-la-valeur-de-vos-actifs-145x300.png 145w\" sizes=\"(max-width: 300px) 100vw, 300px\" \/>\t\t\t\t\t\t\t\t\t\t\t\t\t<\/div>\n\t\t\t\t<\/div>\n\t\t\t\t<\/div>\n\t\t<div class=\"elementor-element elementor-element-cbdeccf e-con-full e-flex e-con e-child\" data-id=\"cbdeccf\" data-element_type=\"container\" data-settings=\"{&quot;_ha_eqh_enable&quot;:false}\">\n\t\t\t\t<div class=\"elementor-element elementor-element-c6b9949 elementor-widget elementor-widget-text-editor\" data-id=\"c6b9949\" data-element_type=\"widget\" data-widget_type=\"text-editor.default\">\n\t\t\t\t<div class=\"elementor-widget-container\">\n\t\t\t\t\t\t\t<p><span style=\"color: #cf9616;\">View<\/span> the distribution and value history of your assets<\/p>\t\t\t\t\t\t<\/div>\n\t\t\t\t<\/div>\n\t\t\t\t<\/div>\n\t\t\t\t\t<\/div>\n\t\t\t\t<\/div>\n\t\t\t\t<\/div>\n\t\t<\/div><\/div>\n<\/div>\n\n<div class=\"jet-carousel__item\">\n\t<div class=\"jet-carousel__item-inner\"><div class=\"jet-carousel__content\">\t\t<div data-elementor-type=\"section\" data-elementor-id=\"6542\" class=\"elementor elementor-6542 elementor-5892 elementor-5892\" data-elementor-post-type=\"elementor_library\">\n\t\t\t<div class=\"elementor-element elementor-element-b2583ac e-flex e-con-boxed e-con e-parent\" data-id=\"b2583ac\" data-element_type=\"container\" data-settings=\"{&quot;_ha_eqh_enable&quot;:false}\">\n\t\t\t\t\t<div class=\"e-con-inner\">\n\t\t<div class=\"elementor-element elementor-element-b2e87a0 e-con-full e-flex e-con e-child\" data-id=\"b2e87a0\" data-element_type=\"container\" data-settings=\"{&quot;_ha_eqh_enable&quot;:false}\">\n\t\t\t\t<div class=\"elementor-element elementor-element-b6c13d8 elementor-widget elementor-widget-image\" data-id=\"b6c13d8\" data-element_type=\"widget\" data-widget_type=\"image.default\">\n\t\t\t\t<div class=\"elementor-widget-container\">\n\t\t\t\t\t\t\t\t\t\t\t\t\t<img loading=\"lazy\" decoding=\"async\" width=\"300\" height=\"619\" src=\"https:\/\/www.pspi.ch\/wp-content\/uploads\/2024\/03\/Accedez-aux-donnees-et-documents-de-vos-actifs.png\" class=\"attachment-full size-full wp-image-6521\" alt=\"\" srcset=\"https:\/\/www.pspi.ch\/wp-content\/uploads\/2024\/03\/Accedez-aux-donnees-et-documents-de-vos-actifs.png 300w, https:\/\/www.pspi.ch\/wp-content\/uploads\/2024\/03\/Accedez-aux-donnees-et-documents-de-vos-actifs-145x300.png 145w\" sizes=\"(max-width: 300px) 100vw, 300px\" \/>\t\t\t\t\t\t\t\t\t\t\t\t\t<\/div>\n\t\t\t\t<\/div>\n\t\t\t\t<\/div>\n\t\t<div class=\"elementor-element elementor-element-cbdeccf e-con-full e-flex e-con e-child\" data-id=\"cbdeccf\" data-element_type=\"container\" data-settings=\"{&quot;_ha_eqh_enable&quot;:false}\">\n\t\t\t\t<div class=\"elementor-element elementor-element-c6b9949 elementor-widget elementor-widget-text-editor\" data-id=\"c6b9949\" data-element_type=\"widget\" data-widget_type=\"text-editor.default\">\n\t\t\t\t<div class=\"elementor-widget-container\">\n\t\t\t\t\t\t\t<p><span style=\"color: #cf9616;\">Access<\/span> your asset data and documents for a reliable expert valuation<\/p>\t\t\t\t\t\t<\/div>\n\t\t\t\t<\/div>\n\t\t\t\t<\/div>\n\t\t\t\t\t<\/div>\n\t\t\t\t<\/div>\n\t\t\t\t<\/div>\n\t\t<\/div><\/div>\n<\/div>\n<\/div><div class=\"jet-carousel__prev-arrow-593d499 jet-arrow prev-arrow\"><svg xmlns=\"http:\/\/www.w3.org\/2000\/svg\" xmlns:xlink=\"http:\/\/www.w3.org\/1999\/xlink\" viewBox=\"0,0,256,256\" width=\"50px\" height=\"50px\"><g fill=\"#bf923f\" fill-rule=\"nonzero\" stroke=\"none\" stroke-width=\"1\" stroke-linecap=\"butt\" stroke-linejoin=\"miter\" stroke-miterlimit=\"10\" stroke-dasharray=\"\" stroke-dashoffset=\"0\" font-family=\"none\" font-weight=\"none\" font-size=\"none\" text-anchor=\"none\" style=\"mix-blend-mode: normal\"><g transform=\"scale(5.12,5.12)\"><path d=\"M34,5l-22,21l22,21z\"><\/path><\/g><\/g><\/svg><\/div><div class=\"jet-carousel__next-arrow-593d499 jet-arrow next-arrow\"><svg xmlns=\"http:\/\/www.w3.org\/2000\/svg\" xmlns:xlink=\"http:\/\/www.w3.org\/1999\/xlink\" viewBox=\"0,0,256,256\" width=\"50px\" height=\"50px\"><g fill=\"#bf923f\" fill-rule=\"nonzero\" stroke=\"none\" stroke-width=\"1\" stroke-linecap=\"butt\" stroke-linejoin=\"miter\" stroke-miterlimit=\"10\" stroke-dasharray=\"\" stroke-dashoffset=\"0\" font-family=\"none\" font-weight=\"none\" font-size=\"none\" text-anchor=\"none\" style=\"mix-blend-mode: normal\"><g transform=\"scale(5.12,5.12)\"><path d=\"M16,5v42l22,-21z\"><\/path><\/g><\/g><\/svg><\/div><\/div>\n<\/div>\n<\/div>\t\t<\/div>\n\t\t\t\t<\/div>\n\t\t\t\t\t<\/div>\n\t\t\t\t<\/div>\n\t\t<div class=\"elementor-element elementor-element-49c5587 e-flex e-con-boxed e-con e-parent\" data-id=\"49c5587\" data-element_type=\"container\" data-settings=\"{&quot;background_background&quot;:&quot;classic&quot;,&quot;_ha_eqh_enable&quot;:false}\">\n\t\t\t\t\t<div class=\"e-con-inner\">\n\t\t<div class=\"elementor-element elementor-element-92d75d7 e-flex e-con-boxed e-con e-child\" data-id=\"92d75d7\" data-element_type=\"container\" data-settings=\"{&quot;_ha_eqh_enable&quot;:false}\">\n\t\t\t\t\t<div class=\"e-con-inner\">\n\t\t\t\t<div class=\"elementor-element elementor-element-322e1e8 elementor-hidden-mobile elementor-widget elementor-widget-heading\" data-id=\"322e1e8\" data-element_type=\"widget\" data-widget_type=\"heading.default\">\n\t\t\t\t<div class=\"elementor-widget-container\">\n\t\t\t<h2 class=\"elementor-heading-title elementor-size-default\">For every situation,<\/h2>\t\t<\/div>\n\t\t\t\t<\/div>\n\t\t\t\t<div class=\"elementor-element elementor-element-ca65d62 elementor-hidden-desktop elementor-hidden-laptop elementor-hidden-tablet elementor-widget elementor-widget-heading\" data-id=\"ca65d62\" data-element_type=\"widget\" data-widget_type=\"heading.default\">\n\t\t\t\t<div class=\"elementor-widget-container\">\n\t\t\t<h2 class=\"elementor-heading-title elementor-size-default\">For each situation, a solution in <\/h2>\t\t<\/div>\n\t\t\t\t<\/div>\n\t\t<div class=\"elementor-element elementor-element-f4a7163 e-flex e-con-boxed e-con e-child\" data-id=\"f4a7163\" data-element_type=\"container\" data-settings=\"{&quot;_ha_eqh_enable&quot;:false}\">\n\t\t\t\t\t<div class=\"e-con-inner\">\n\t\t\t\t<div class=\"elementor-element elementor-element-7d2a339 elementor-widget__width-auto elementor-hidden-mobile elementor-widget elementor-widget-heading\" data-id=\"7d2a339\" data-element_type=\"widget\" data-widget_type=\"heading.default\">\n\t\t\t\t<div class=\"elementor-widget-container\">\n\t\t\t<h2 class=\"elementor-heading-title elementor-size-default\">a solution in <\/h2>\t\t<\/div>\n\t\t\t\t<\/div>\n\t\t\t\t<div class=\"elementor-element elementor-element-eca4229 elementor-widget__width-auto elementor-widget elementor-widget-heading\" data-id=\"eca4229\" data-element_type=\"widget\" data-widget_type=\"heading.default\">\n\t\t\t\t<div class=\"elementor-widget-container\">\n\t\t\t<div class=\"elementor-heading-title elementor-size-default\">one click<\/div>\t\t<\/div>\n\t\t\t\t<\/div>\n\t\t\t\t\t<\/div>\n\t\t\t\t<\/div>\n\t\t\t\t\t<\/div>\n\t\t\t\t<\/div>\n\t\t\t\t\t<\/div>\n\t\t\t\t<\/div>\n\t\t<div class=\"elementor-element elementor-element-cc246e5 e-flex e-con-boxed e-con e-parent\" data-id=\"cc246e5\" data-element_type=\"container\" data-settings=\"{&quot;background_background&quot;:&quot;classic&quot;,&quot;_ha_eqh_enable&quot;:false}\">\n\t\t\t\t\t<div class=\"e-con-inner\">\n\t\t<div class=\"elementor-element elementor-element-b17ee38 e-flex e-con-boxed e-con e-child\" data-id=\"b17ee38\" data-element_type=\"container\" data-settings=\"{&quot;_ha_eqh_enable&quot;:false}\">\n\t\t\t\t\t<div class=\"e-con-inner\">\n\t\t\t\t<div class=\"elementor-element elementor-element-5c96aed elementor-widget elementor-widget-image\" data-id=\"5c96aed\" data-element_type=\"widget\" data-widget_type=\"image.default\">\n\t\t\t\t<div class=\"elementor-widget-container\">\n\t\t\t\t\t\t\t\t\t\t\t\t\t<img loading=\"lazy\" decoding=\"async\" width=\"800\" height=\"534\" src=\"https:\/\/www.pspi.ch\/wp-content\/uploads\/2024\/03\/montre-1024x683.jpg\" class=\"attachment-large size-large wp-image-6215\" alt=\"\" srcset=\"https:\/\/www.pspi.ch\/wp-content\/uploads\/2024\/03\/montre-1024x683.jpg 1024w, https:\/\/www.pspi.ch\/wp-content\/uploads\/2024\/03\/montre-300x200.jpg 300w, https:\/\/www.pspi.ch\/wp-content\/uploads\/2024\/03\/montre-768x512.jpg 768w, https:\/\/www.pspi.ch\/wp-content\/uploads\/2024\/03\/montre.jpg 1500w\" sizes=\"(max-width: 800px) 100vw, 800px\" \/>\t\t\t\t\t\t\t\t\t\t\t\t\t<\/div>\n\t\t\t\t<\/div>\n\t\t\t\t<div class=\"elementor-element elementor-element-fd6eb21 elementor-widget elementor-widget-heading\" data-id=\"fd6eb21\" data-element_type=\"widget\" data-widget_type=\"heading.default\">\n\t\t\t\t<div class=\"elementor-widget-container\">\n\t\t\t<h2 class=\"elementor-heading-title elementor-size-default\">Purchase of <br>a new watch<\/h2>\t\t<\/div>\n\t\t\t\t<\/div>\n\t\t\t\t<div class=\"elementor-element elementor-element-77a6fc6 elementor-widget elementor-widget-text-editor\" data-id=\"77a6fc6\" data-element_type=\"widget\" data-widget_type=\"text-editor.default\">\n\t\t\t\t<div class=\"elementor-widget-container\">\n\t\t\t\t\t\t\t<p>A photo of the watch and invoice with the application and insurance is updated automatically, as is the inventory.<\/p>\t\t\t\t\t\t<\/div>\n\t\t\t\t<\/div>\n\t\t\t\t\t<\/div>\n\t\t\t\t<\/div>\n\t\t<div class=\"elementor-element elementor-element-a274ef5 e-flex e-con-boxed e-con e-child\" data-id=\"a274ef5\" data-element_type=\"container\" data-settings=\"{&quot;_ha_eqh_enable&quot;:false}\">\n\t\t\t\t\t<div class=\"e-con-inner\">\n\t\t\t\t<div class=\"elementor-element elementor-element-54fe494 elementor-widget elementor-widget-image\" data-id=\"54fe494\" data-element_type=\"widget\" data-widget_type=\"image.default\">\n\t\t\t\t<div class=\"elementor-widget-container\">\n\t\t\t\t\t\t\t\t\t\t\t\t\t<img loading=\"lazy\" decoding=\"async\" width=\"800\" height=\"534\" src=\"https:\/\/www.pspi.ch\/wp-content\/uploads\/2024\/03\/residence-1024x683.jpg\" class=\"attachment-large size-large wp-image-6217\" alt=\"\" srcset=\"https:\/\/www.pspi.ch\/wp-content\/uploads\/2024\/03\/residence-1024x683.jpg 1024w, https:\/\/www.pspi.ch\/wp-content\/uploads\/2024\/03\/residence-300x200.jpg 300w, https:\/\/www.pspi.ch\/wp-content\/uploads\/2024\/03\/residence-768x512.jpg 768w, https:\/\/www.pspi.ch\/wp-content\/uploads\/2024\/03\/residence.jpg 1500w\" sizes=\"(max-width: 800px) 100vw, 800px\" \/>\t\t\t\t\t\t\t\t\t\t\t\t\t<\/div>\n\t\t\t\t<\/div>\n\t\t\t\t<div class=\"elementor-element elementor-element-1e3b43d elementor-widget elementor-widget-heading\" data-id=\"1e3b43d\" data-element_type=\"widget\" data-widget_type=\"heading.default\">\n\t\t\t\t<div class=\"elementor-widget-container\">\n\t\t\t<h2 class=\"elementor-heading-title elementor-size-default\">Are you planning to move?\n<\/h2>\t\t<\/div>\n\t\t\t\t<\/div>\n\t\t\t\t<div class=\"elementor-element elementor-element-88c62f8 elementor-widget elementor-widget-text-editor\" data-id=\"88c62f8\" data-element_type=\"widget\" data-widget_type=\"text-editor.default\">\n\t\t\t\t<div class=\"elementor-widget-container\">\n\t\t\t\t\t\t\t<p>With just one click, you can transfer your belongings to a new address and obtain an inventory for the transfer and formalities.<\/p>\t\t\t\t\t\t<\/div>\n\t\t\t\t<\/div>\n\t\t\t\t\t<\/div>\n\t\t\t\t<\/div>\n\t\t<div class=\"elementor-element elementor-element-ca49b5b e-flex e-con-boxed e-con e-child\" data-id=\"ca49b5b\" data-element_type=\"container\" data-settings=\"{&quot;_ha_eqh_enable&quot;:false}\">\n\t\t\t\t\t<div class=\"e-con-inner\">\n\t\t\t\t<div class=\"elementor-element elementor-element-4fde0f0 elementor-widget elementor-widget-image\" data-id=\"4fde0f0\" data-element_type=\"widget\" data-widget_type=\"image.default\">\n\t\t\t\t<div class=\"elementor-widget-container\">\n\t\t\t\t\t\t\t\t\t\t\t\t\t<img loading=\"lazy\" decoding=\"async\" width=\"800\" height=\"534\" src=\"https:\/\/www.pspi.ch\/wp-content\/uploads\/2024\/03\/cambriolage-1024x683.jpg\" class=\"attachment-large size-large wp-image-6219\" alt=\"\" srcset=\"https:\/\/www.pspi.ch\/wp-content\/uploads\/2024\/03\/cambriolage-1024x683.jpg 1024w, https:\/\/www.pspi.ch\/wp-content\/uploads\/2024\/03\/cambriolage-300x200.jpg 300w, https:\/\/www.pspi.ch\/wp-content\/uploads\/2024\/03\/cambriolage-768x512.jpg 768w, https:\/\/www.pspi.ch\/wp-content\/uploads\/2024\/03\/cambriolage.jpg 1500w\" sizes=\"(max-width: 800px) 100vw, 800px\" \/>\t\t\t\t\t\t\t\t\t\t\t\t\t<\/div>\n\t\t\t\t<\/div>\n\t\t\t\t<div class=\"elementor-element elementor-element-2180ff4 elementor-widget elementor-widget-heading\" data-id=\"2180ff4\" data-element_type=\"widget\" data-widget_type=\"heading.default\">\n\t\t\t\t<div class=\"elementor-widget-container\">\n\t\t\t<h2 class=\"elementor-heading-title elementor-size-default\">A residence burgled\n<\/h2>\t\t<\/div>\n\t\t\t\t<\/div>\n\t\t\t\t<div class=\"elementor-element elementor-element-093ae0c elementor-widget elementor-widget-text-editor\" data-id=\"093ae0c\" data-element_type=\"widget\" data-widget_type=\"text-editor.default\">\n\t\t\t\t<div class=\"elementor-widget-container\">\n\t\t\t\t\t\t\t<p>One click and you can send an inventory to the police and a declaration to the insurance company.<\/p>\t\t\t\t\t\t<\/div>\n\t\t\t\t<\/div>\n\t\t\t\t\t<\/div>\n\t\t\t\t<\/div>\n\t\t\t\t\t<\/div>\n\t\t\t\t<\/div>\n\t\t<div class=\"elementor-element elementor-element-df06d58 elementor-hidden-desktop elementor-hidden-laptop elementor-hidden-tablet elementor-hidden-mobile e-flex e-con-boxed e-con e-parent\" data-id=\"df06d58\" data-element_type=\"container\" data-settings=\"{&quot;_ha_eqh_enable&quot;:false}\">\n\t\t\t\t\t<div class=\"e-con-inner\">\n\t\t<div class=\"elementor-element elementor-element-cc534fa e-con-full e-flex e-con e-child\" data-id=\"cc534fa\" data-element_type=\"container\" data-settings=\"{&quot;_ha_eqh_enable&quot;:false}\">\n\t\t<div class=\"elementor-element elementor-element-deb75f9 e-flex e-con-boxed e-con e-child\" data-id=\"deb75f9\" data-element_type=\"container\" data-settings=\"{&quot;_ha_eqh_enable&quot;:false}\">\n\t\t\t\t\t<div class=\"e-con-inner\">\n\t\t\t\t<div class=\"elementor-element elementor-element-243ebe6 elementor-widget__width-auto elementor-widget-laptop__width-initial elementor-widget elementor-widget-heading\" data-id=\"243ebe6\" data-element_type=\"widget\" data-widget_type=\"heading.default\">\n\t\t\t\t<div class=\"elementor-widget-container\">\n\t\t\t<h2 class=\"elementor-heading-title elementor-size-default\">On boarding<\/h2>\t\t<\/div>\n\t\t\t\t<\/div>\n\t\t\t\t<div class=\"elementor-element elementor-element-6c74835 elementor-widget__width-auto elementor-widget elementor-widget-heading\" data-id=\"6c74835\" data-element_type=\"widget\" data-widget_type=\"heading.default\">\n\t\t\t\t<div class=\"elementor-widget-container\">\n\t\t\t<h2 class=\"elementor-heading-title elementor-size-default\">: PSPI s'oocupe de tout<\/h2>\t\t<\/div>\n\t\t\t\t<\/div>\n\t\t\t\t\t<\/div>\n\t\t\t\t<\/div>\n\t\t<div class=\"elementor-element elementor-element-22bcf35 e-con-full e-flex e-con e-child\" data-id=\"22bcf35\" data-element_type=\"container\" data-settings=\"{&quot;_ha_eqh_enable&quot;:false}\">\n\t\t<div class=\"elementor-element elementor-element-efaa5cc e-con-full e-flex e-con e-child\" data-id=\"efaa5cc\" data-element_type=\"container\" data-settings=\"{&quot;_ha_eqh_enable&quot;:false}\">\n\t\t\t\t<div class=\"elementor-element elementor-element-bf4a9f1 elementor-widget elementor-widget-heading\" data-id=\"bf4a9f1\" data-element_type=\"widget\" data-widget_type=\"heading.default\">\n\t\t\t\t<div class=\"elementor-widget-container\">\n\t\t\t<h4 class=\"elementor-heading-title elementor-size-default\">Nos experts viennent faire l'inventaire  chez vous<\/h4>\t\t<\/div>\n\t\t\t\t<\/div>\n\t\t\t\t<div class=\"elementor-element elementor-element-9ef3b6d elementor-widget elementor-widget-button\" data-id=\"9ef3b6d\" data-element_type=\"widget\" data-widget_type=\"button.default\">\n\t\t\t\t<div class=\"elementor-widget-container\">\n\t\t\t\t\t<div class=\"elementor-button-wrapper\">\n\t\t\t<a class=\"elementor-button elementor-button-link elementor-size-sm\" href=\"#\">\n\t\t\t\t\t\t<span class=\"elementor-button-content-wrapper\">\n\t\t\t\t\t\t\t\t\t<span class=\"elementor-button-text\">En savoir plus<\/span>\n\t\t\t\t\t<\/span>\n\t\t\t\t\t<\/a>\n\t\t<\/div>\n\t\t\t\t<\/div>\n\t\t\t\t<\/div>\n\t\t\t\t<\/div>\n\t\t\t\t<\/div>\n\t\t\t\t<\/div>\n\t\t\t\t\t<\/div>\n\t\t\t\t<\/div>\n\t\t\t\t<\/div>\n\t\t","protected":false},"excerpt":{"rendered":"<p>G\u00e9olocalisez et cartographiez tous vos actifs avec l&#8217;application de PSPI Visualisez vos collectionset assurez-les Visualisez la r\u00e9partition et l&#8217;historique de valeur de vos actifs Acc\u00e9dez aux donn\u00e9es et documents de vos actifs pour une \u00e9valuation d&#8217;expert fiable For every situation, For each situation, a solution in a solution in one click Purchase of a new [&hellip;]<\/p>\n","protected":false},"author":1,"featured_media":0,"parent":0,"menu_order":1,"comment_status":"closed","ping_status":"closed","template":"","meta":{"footnotes":""},"class_list":["post-6422","page","type-page","status-publish","hentry"],"_links":{"self":[{"href":"https:\/\/www.pspi.ch\/en\/wp-json\/wp\/v2\/pages\/6422"}],"collection":[{"href":"https:\/\/www.pspi.ch\/en\/wp-json\/wp\/v2\/pages"}],"about":[{"href":"https:\/\/www.pspi.ch\/en\/wp-json\/wp\/v2\/types\/page"}],"author":[{"embeddable":true,"href":"https:\/\/www.pspi.ch\/en\/wp-json\/wp\/v2\/users\/1"}],"replies":[{"embeddable":true,"href":"https:\/\/www.pspi.ch\/en\/wp-json\/wp\/v2\/comments?post=6422"}],"version-history":[{"count":6,"href":"https:\/\/www.pspi.ch\/en\/wp-json\/wp\/v2\/pages\/6422\/revisions"}],"predecessor-version":[{"id":6798,"href":"https:\/\/www.pspi.ch\/en\/wp-json\/wp\/v2\/pages\/6422\/revisions\/6798"}],"wp:attachment":[{"href":"https:\/\/www.pspi.ch\/en\/wp-json\/wp\/v2\/media?parent=6422"}],"curies":[{"name":"wp","href":"https:\/\/api.w.org\/{rel}","templated":true}]}}